{"id":240,"date":"2026-05-08T22:52:08","date_gmt":"2026-05-08T22:52:08","guid":{"rendered":"https:\/\/bicho.treslume.com\/bicho\/?page_id=240"},"modified":"2026-05-08T22:54:03","modified_gmt":"2026-05-08T22:54:03","slug":"politica-privacidade","status":"publish","type":"page","link":"https:\/\/bicho.treslume.com\/bicho\/politica-privacidade\/","title":{"rendered":"Pol\u00edtica de Privacidade"},"content":{"rendered":"\t\t<div data-elementor-type=\"wp-page\" data-elementor-id=\"240\" class=\"elementor elementor-240\">\n\t\t\t\t<div class=\"elementor-element elementor-element-df57fef e-flex e-con-boxed e-con e-parent\" data-id=\"df57fef\" data-element_type=\"container\" data-e-type=\"container\">\n\t\t\t\t\t<div class=\"e-con-inner\">\n\t\t\t\t<div class=\"elementor-element elementor-element-48f8ed3 elementor-widget elementor-widget-html\" data-id=\"48f8ed3\" data-element_type=\"widget\" data-e-type=\"widget\" data-widget_type=\"html.default\">\n\t\t\t\t\t<h1>Pol\u00edtica de Privacidade<\/h1>\r\n\r\n<p>A sua privacidade \u00e9 importante para n\u00f3s. \u00c9 pol\u00edtica do blog Treslume respeitar a sua privacidade em rela\u00e7\u00e3o a qualquer informa\u00e7\u00e3o sua que possamos coletar no site https:\/\/bicho.treslume.com\/bicho\/ e outros sites que possu\u00edmos e operamos.<\/p>\r\n\r\n<h2>1. Coleta de Informa\u00e7\u00f5es<\/h2>\r\n<p>Solicitamos informa\u00e7\u00f5es pessoais apenas quando realmente precisamos delas para lhe fornecer um servi\u00e7o ou responder a um contacto. Fazemo-lo por meios justos e legais, com o seu conhecimento e consentimento. Tamb\u00e9m informamos por que estamos coletando e como ser\u00e1 usado.<\/p>\r\n\r\n<h2>2. Uso de Cookies<\/h2>\r\n<p>Como \u00e9 pr\u00e1tica comum em quase todos os sites profissionais, este site usa cookies para melhorar a sua experi\u00eancia.<\/p>\r\n<ul>\r\n  <li>Cookies de Terceiros: Em alguns casos especiais, tamb\u00e9m usamos cookies fornecidos por terceiros confi\u00e1veis. Este site usa o Google Ads, que utiliza o cookie DART para veicular an\u00fancios baseados nas suas visitas a este e a outros sites na internet.<\/li>\r\n  <li>Os utilizadores podem optar por desativar o uso do cookie DART visitando a Pol\u00edtica de Privacidade da rede de conte\u00fado e an\u00fancios do Google.<\/li>\r\n<\/ul>\r\n\r\n<h2>3. Links para Sites de Terceiros<\/h2>\r\n<p>O nosso site pode ter links para sites externos que n\u00e3o s\u00e3o operados por n\u00f3s. Esteja ciente de que n\u00e3o temos controle sobre o conte\u00fado e pr\u00e1ticas desses sites e n\u00e3o podemos aceitar responsabilidade por suas respectivas pol\u00edticas de privacidade.<\/p>\r\n\r\n<h2>4. Seguran\u00e7a de Dados<\/h2>\r\n<p>Apenas retemos as informa\u00e7\u00f5es coletadas pelo tempo necess\u00e1rio para fornecer o servi\u00e7o solicitado. Quando armazenamos dados, os protegemos dentro de meios comercialmente aceit\u00e1veis para evitar perdas e roubos, bem como acesso, divulga\u00e7\u00e3o, c\u00f3pia, uso ou modifica\u00e7\u00e3o n\u00e3o autorizados.<\/p>\r\n\r\n<h2>5. Compromisso do Usu\u00e1rio<\/h2>\r\n<p>O usu\u00e1rio se compromete a fazer uso adequado dos conte\u00fados e da informa\u00e7\u00e3o que o blog Treslume oferece no site e com car\u00e1ter enunciativo, mas n\u00e3o limitativo:<\/p>\r\n<ul>\r\n  <li>A) N\u00e3o se envolver em atividades que sejam ilegais ou contr\u00e1rias \u00e0 boa f\u00e9 e \u00e0 ordem p\u00fablica.<\/li>\r\n  <li>B) N\u00e3o causar danos aos sistemas f\u00edsicos e l\u00f3gicos do site, de seus fornecedores ou terceiros.<\/li>\r\n<\/ul>\r\n\r\n<h2>6. Contato<\/h2>\r\n<p>Se tiver alguma d\u00favida sobre como lidamos com dados de usu\u00e1rios e informa\u00e7\u00f5es pessoais, entre em contato conosco atrav\u00e9s do e-mail: <a href=\"mailto:treslume@bol.com.br\">treslume@bol.com.br<\/a><\/p>\r\n\r\n<p><em>Esta pol\u00edtica \u00e9 efetiva a partir de Maio de 2026.<\/em><\/p>\t\t\t\t<\/div>\n\t\t\t\t\t<\/div>\n\t\t\t\t<\/div>\n\t\t\t\t<\/div>\n\t\t","protected":false},"excerpt":{"rendered":"<p>Pol\u00edtica de Privacidade A sua privacidade \u00e9 importante para n\u00f3s. \u00c9 pol\u00edtica do blog Treslume respeitar a sua privacidade em rela\u00e7\u00e3o a qualquer informa\u00e7\u00e3o sua que possamos coletar no site https:\/\/bicho.treslume.com\/bicho\/ e outros sites que possu\u00edmos e operamos. 1. Coleta de Informa\u00e7\u00f5es Solicitamos informa\u00e7\u00f5es pessoais apenas quando realmente precisamos delas para lhe fornecer um servi\u00e7o&hellip;&nbsp;<\/p>\n","protected":false},"author":1,"featured_media":0,"parent":0,"menu_order":0,"comment_status":"closed","ping_status":"closed","template":"page-templates\/template-pagebuilder-full-width.php","meta":{"neve_meta_sidebar":"","neve_meta_container":"","neve_meta_enable_content_width":"","neve_meta_content_width":0,"neve_meta_title_alignment":"","neve_meta_author_avatar":"","neve_post_elements_order":"","neve_meta_disable_header":"","neve_meta_disable_footer":"","neve_meta_disable_title":"","footnotes":""},"class_list":["post-240","page","type-page","status-publish","hentry"],"_links":{"self":[{"href":"https:\/\/bicho.treslume.com\/bicho\/wp-json\/wp\/v2\/pages\/240","targetHints":{"allow":["GET"]}}],"collection":[{"href":"https:\/\/bicho.treslume.com\/bicho\/wp-json\/wp\/v2\/pages"}],"about":[{"href":"https:\/\/bicho.treslume.com\/bicho\/wp-json\/wp\/v2\/types\/page"}],"author":[{"embeddable":true,"href":"https:\/\/bicho.treslume.com\/bicho\/wp-json\/wp\/v2\/users\/1"}],"replies":[{"embeddable":true,"href":"https:\/\/bicho.treslume.com\/bicho\/wp-json\/wp\/v2\/comments?post=240"}],"version-history":[{"count":7,"href":"https:\/\/bicho.treslume.com\/bicho\/wp-json\/wp\/v2\/pages\/240\/revisions"}],"predecessor-version":[{"id":247,"href":"https:\/\/bicho.treslume.com\/bicho\/wp-json\/wp\/v2\/pages\/240\/revisions\/247"}],"wp:attachment":[{"href":"https:\/\/bicho.treslume.com\/bicho\/wp-json\/wp\/v2\/media?parent=240"}],"curies":[{"name":"wp","href":"https:\/\/api.w.org\/{rel}","templated":true}]}}