{"id":33,"date":"2026-05-08T00:39:50","date_gmt":"2026-05-08T00:39:50","guid":{"rendered":"https:\/\/bicho.treslume.com\/bicho\/?page_id=33"},"modified":"2026-05-08T21:39:33","modified_gmt":"2026-05-08T21:39:33","slug":"inicial-jogos-dos-bichos-animais","status":"publish","type":"page","link":"https:\/\/bicho.treslume.com\/bicho\/","title":{"rendered":""},"content":{"rendered":"\t\t<div data-elementor-type=\"wp-page\" data-elementor-id=\"33\" class=\"elementor elementor-33\">\n\t\t\t\t\t\t<div class=\"elementor-element elementor-element-78e5b43 e-con e-atomic-element e-flexbox-base\" data-id=\"78e5b43\" data-element_type=\"e-flexbox\" data-e-type=\"e-flexbox\" data-interaction-id=\"78e5b43\">\n\t\t\t\t\t\t\t<h2 \n\t\tdata-interaction-id=\"8e2c865\" \n\t\tclass=\"e-heading-base\" \n\t\t \n\t\t\n\t>\n\t\n\t\t\tJogo dos Bichos Online - Informativo\n\t\t<\/h2>\n\t\t\t\t<\/div>\n\t\t<div class=\"elementor-element elementor-element-5ccf141 e-flex e-con-boxed e-con e-parent\" data-id=\"5ccf141\" data-element_type=\"container\" data-e-type=\"container\">\n\t\t\t\t\t<div class=\"e-con-inner\">\n\t\t\t\t\t\t\t\t<p class=\"e-5194b12-3c076c9 e-paragraph-base\" data-interaction-id=\"5194b12\"  >\n\t\t\t\t\t\t\t\tTreslume \u00e9 um blog de Jogos de bichos infantis com diversos animais para crian\u00e7as e fam\u00edlia! Descubra os melhores jogos com tem\u00e1tica de bichos, para todas as idades e estilos. Divers\u00e3o garantida para os amantes do mundo animal.<strong id=\"e-mowb9qsn-rgpi6qj\"> <\/strong>Dedicado especialmente para o p\u00fablico infantil, recomendaremos jogos para as crian\u00e7as interagirem com a fam\u00edlia e adultos, tornando o entretenimento emocionante. S\u00e3o v\u00e1rios tipos de jogos de bichos infantis, feitos em papel cartolina como o de cartas de bichos educativos e tamb\u00e9m os de tabuleiro de bichos. Com a modernidade iremos trazer novidades de jogos de bichos online para baixar e jogar pela internet. Aqui listaremos os jogos dos bichos mais procurados pelas crian\u00e7as, pais e educadores. E abaixo falaremos a diferen\u00e7as entre todos estes modelos com caracter\u00edsticas e vantagens.\n\t\t\t\t\t<\/p>\n\t\t\t\t\t<\/div>\n\t\t\t\t<\/div>\n\t\t<div class=\"elementor-element elementor-element-134bffd e-flex e-con-boxed e-con e-parent\" data-id=\"134bffd\" data-element_type=\"container\" data-e-type=\"container\">\n\t\t\t\t\t<div class=\"e-con-inner\">\n\t\t\t\t\t\t\t\n\t\t\t<img class=\"e-image-base \" \n\t\t\t\t\tdata-interaction-id=\"9cb4e5a\" \n\t\t \n\t\t \n\t\t\t\t\t\t\t\t\tid=\"53\"\n\t\t\t\t\t\t\t\t\t\t\t\tsrc=\"https:\/\/bicho.treslume.com\/bicho\/wp-content\/uploads\/2026\/05\/3bichos.png\"\n\t\t\t\t\t\t\t\t\t\t\t\twidth=\"1200\"\n\t\t\t\t\t\t\t\t\t\t\t\theight=\"628\"\n\t\t\t\t\t\t\t\t\t\t\t\tsrcset=\"https:\/\/bicho.treslume.com\/bicho\/wp-content\/uploads\/2026\/05\/3bichos.png 1200w, https:\/\/bicho.treslume.com\/bicho\/wp-content\/uploads\/2026\/05\/3bichos-300x157.png 300w, https:\/\/bicho.treslume.com\/bicho\/wp-content\/uploads\/2026\/05\/3bichos-1024x536.png 1024w, https:\/\/bicho.treslume.com\/bicho\/wp-content\/uploads\/2026\/05\/3bichos-768x402.png 768w\"\n\t\t\t\t\t\t\t\t\t\t\t\talt=\"\"\n\t\t\t\t\t\t\/>\n\t\t\t\t\t\t<\/div>\n\t\t\t\t<\/div>\n\t\t<div class=\"elementor-element elementor-element-d01b165 e-flex e-con-boxed e-con e-parent\" data-id=\"d01b165\" data-element_type=\"container\" data-e-type=\"container\">\n\t\t\t\t\t<div class=\"e-con-inner\">\n\t\t\t\t\t\n<hr class=\"e-0f4514a-686e575 e-divider-base\" data-interaction-id=\"0f4514a\"   \/>\n\t\t\t\t\t<\/div>\n\t\t\t\t<\/div>\n\t\t<div class=\"elementor-element elementor-element-e724ec4 e-flex e-con-boxed e-con e-parent\" data-id=\"e724ec4\" data-element_type=\"container\" data-e-type=\"container\">\n\t\t\t\t\t<div class=\"e-con-inner\">\n\t\t\t\t\t\t\t<h2 \n\t\tdata-interaction-id=\"b2afab3\" \n\t\tclass=\"e-b2afab3-bfc41db e-heading-base\" \n\t\t \n\t\t\n\t>\n\t\n\t\t\tJogos de Bichos Infantis para Todas as Idades: Crian\u00e7as, Jovens e Adultos\n\t\t<\/h2>\n\t\t\t\t\t<\/div>\n\t\t\t\t<\/div>\n\t\t<div class=\"elementor-element elementor-element-f5e054c e-flex e-con-boxed e-con e-parent\" data-id=\"f5e054c\" data-element_type=\"container\" data-e-type=\"container\">\n\t\t\t\t\t<div class=\"e-con-inner\">\n\t\t\t\t\t\t\t\t<p class=\"e-paragraph-base\" data-interaction-id=\"8fd8034\"  >\n\t\t\t\t\t\t\t\tOs jogos de bichos v\u00eam em v\u00e1rios formatos, como cartas, tabuleiro e pe\u00e7as de madeira. S\u00e3o muito procurados por crian\u00e7as com fins educativos e de divers\u00e3o. Podem ser jogados por todas as idades, de crian\u00e7as a adultos, sendo uma \u00f3tima op\u00e7\u00e3o para a fam\u00edlia se reunir nos finais de semana com muita anima\u00e7\u00e3o. Outros jogos dos bichos s\u00e3o online, no qual falaremos aqui no blog, lhe passando mais informa\u00e7\u00f5es detalhadas. Veja abaixo, aqui em nosso blog Treslume, os jogos de bichos mais procurados como sugest\u00e3o.\n\t\t\t\t\t<\/p>\n\t\t\t\t\t<\/div>\n\t\t\t\t<\/div>\n\t\t<div class=\"elementor-element elementor-element-98dc031 e-flex e-con-boxed e-con e-parent\" data-id=\"98dc031\" data-element_type=\"container\" data-e-type=\"container\">\n\t\t\t\t\t<div class=\"e-con-inner\">\n\t\t\t\t<div class=\"elementor-element elementor-element-15fea09 e-con e-atomic-element e-div-block-base\" data-id=\"15fea09\" data-element_type=\"e-div-block\" data-e-type=\"e-div-block\" data-interaction-id=\"15fea09\">\n\t\t\t\t<\/div>\n\t\t\t\t\t<\/div>\n\t\t\t\t<\/div>\n\t\t<div class=\"elementor-element elementor-element-ded21c7 e-flex e-con-boxed e-con e-parent\" data-id=\"ded21c7\" data-element_type=\"container\" data-e-type=\"container\">\n\t\t\t\t\t<div class=\"e-con-inner\">\n\t\t\t\t\t\t\t<h2 \n\t\tdata-interaction-id=\"95eee2c\" \n\t\tclass=\"e-95eee2c-78430ea e-heading-base\" \n\t\t \n\t\t\n\t>\n\t\n\t\t\tJogo dos Bichos: Mem\u00f3ria Fazendinha\n\t\t<\/h2>\n\t\t\t\t\t<\/div>\n\t\t\t\t<\/div>\n\t\t<div class=\"elementor-element elementor-element-a4e7149 e-flex e-con-boxed e-con e-parent\" data-id=\"a4e7149\" data-element_type=\"container\" data-e-type=\"container\">\n\t\t\t\t\t<div class=\"e-con-inner\">\n\t\t\t\t\t\t\t\t<p class=\"e-paragraph-base\" data-interaction-id=\"0d17770\"  >\n\t\t\t\t\t\t\t\tUm \u00f3timo jogo de bichos para desenvolver o racioc\u00ednio, a mem\u00f3ria e ensinar \u00e0s crian\u00e7as, de uma maneira divertida, sobre a fazenda e seus animais. Cont\u00e9m 40 pe\u00e7as em madeira MDF de reflorestamento. <br><br><strong id=\"e-mox9fnq0-7ckhmqx\">VANTAGENS:<\/strong><br>Ajuda as crian\u00e7as a conhecerem os animais<br>Estimula o racioc\u00ednio e a mem\u00f3ria<br>Incentiva a conviv\u00eancia e o trabalho em equipe<br>Entretenimento para toda a fam\u00edlia e amigos.<br><br><strong id=\"e-mox9fnq0-82nbtmj\">CARACTER\u00cdSTICAS DO PRODUTO:<\/strong> - Dimens\u00f5es da Embalagem (AxLxP): 19 x 24 x 5 cm - Peso da Embalagem (aprox.): 510g - <br>Conte\u00fado da Embalagem: 40 pe\u00e7as em madeira<br>Quantidade de Jogadores: 2 a 4 - Indica\u00e7\u00e3o: 4+ anos - Selo de Seguran\u00e7a<br><br>* N\u00e3o recomendado para crian\u00e7as menores de 3 anos por conter partes pequenas que podem ser aspiradas ou engolidas.<br>\n\t\t\t\t\t<\/p>\n\t\t\t\t\t<\/div>\n\t\t\t\t<\/div>\n\t\t<div class=\"elementor-element elementor-element-24c6aea e-flex e-con-boxed e-con e-parent\" data-id=\"24c6aea\" data-element_type=\"container\" data-e-type=\"container\">\n\t\t\t\t\t<div class=\"e-con-inner\">\n\t\t\t\t\t\t\t\n\t\t\t<img class=\"e-image-base e-7837286-e616711\" \n\t\t\t\t\tdata-interaction-id=\"7837286\" \n\t\t \n\t\t \n\t\t\t\t\t\t\t\t\tid=\"144\"\n\t\t\t\t\t\t\t\t\t\t\t\tsrc=\"https:\/\/bicho.treslume.com\/bicho\/wp-content\/uploads\/2026\/05\/jogo-bicho-memoria-fazendinha.png\"\n\t\t\t\t\t\t\t\t\t\t\t\twidth=\"750\"\n\t\t\t\t\t\t\t\t\t\t\t\theight=\"450\"\n\t\t\t\t\t\t\t\t\t\t\t\tsrcset=\"https:\/\/bicho.treslume.com\/bicho\/wp-content\/uploads\/2026\/05\/jogo-bicho-memoria-fazendinha.png 750w, https:\/\/bicho.treslume.com\/bicho\/wp-content\/uploads\/2026\/05\/jogo-bicho-memoria-fazendinha-300x180.png 300w\"\n\t\t\t\t\t\t\t\t\t\t\t\talt=\"\"\n\t\t\t\t\t\t\/>\n\t\t\t\t\t\t<\/div>\n\t\t\t\t<\/div>\n\t\t<div class=\"elementor-element elementor-element-defb5dd e-flex e-con-boxed e-con e-parent\" data-id=\"defb5dd\" data-element_type=\"container\" data-e-type=\"container\">\n\t\t\t\t\t<div class=\"e-con-inner\">\n\t\t\t\t\t\t\t\t<p class=\"e-2916d9e-585f813 e-paragraph-base\" data-interaction-id=\"2916d9e\"  >\n\t\t\t\t\t\t\t\t------------------------------------------------------------------------\n\t\t\t\t\t<\/p>\n\t\t\t\t\t<\/div>\n\t\t\t\t<\/div>\n\t\t<div class=\"elementor-element elementor-element-f2bd8e1 e-flex e-con-boxed e-con e-parent\" data-id=\"f2bd8e1\" data-element_type=\"container\" data-e-type=\"container\">\n\t\t\t\t\t<div class=\"e-con-inner\">\n\t\t<div class=\"elementor-element elementor-element-2fe2d91 e-con-full e-flex e-con e-child\" data-id=\"2fe2d91\" data-element_type=\"container\" data-e-type=\"container\">\n\t\t\t\t\t\t\t<h2 \n\t\tdata-interaction-id=\"943123d\" \n\t\tclass=\"e-943123d-bbd6c52 e-heading-base\" \n\t\t \n\t\t\n\t>\n\t\n\t\t\tJogo Infantil Educativo: Empilhe os Bichinhos\n\t\t<\/h2>\n\t\t\t\t<\/div>\n\t\t\t\t\t<\/div>\n\t\t\t\t<\/div>\n\t\t<div class=\"elementor-element elementor-element-ef969dd e-flex e-con-boxed e-con e-parent\" data-id=\"ef969dd\" data-element_type=\"container\" data-e-type=\"container\">\n\t\t\t\t\t<div class=\"e-con-inner\">\n\t\t\t\t\t\t\t\t<p class=\"e-paragraph-base\" data-interaction-id=\"9431bda\"  >\n\t\t\t\t\t\t\t\tUmas das melhores maneiras de passar uma tarde chuvosa com este excelente jogo de mesa. Uma Brinquedo Criativo Pedag\u00f3gico Educativo chamado Jogo Empilhar Pe\u00e7as Madeira de Animais. Este jogo dos bichos \u00e9 uma grande novidade, e voc\u00ea vai criar lembran\u00e7as divertidas passando por momentos inesquec\u00edveis com os seus amigos. Com este joguinho em madeira, &nbsp;as risadas ser\u00e3o garantidas.<br><br>Ideal para crian\u00e7as a partir de 5 anos.<br>Feito inteiramente de madeira.<br><br><em id=\"e-moxeehxz-qisyslg\">&nbsp; - Estimula a coordena\u00e7\u00e3o motora e o racioc\u00ednio de forma l\u00fadica e prazerosa.<br>&nbsp; - Uma excelente op\u00e7\u00e3o de presente para anivers\u00e1rios e datas especiais.<br>&nbsp; - Favorece a intera\u00e7\u00e3o entre crian\u00e7as e adultos em fam\u00edlia.<br>&nbsp;<\/em>&nbsp;- Desperta a curiosidade e o amor pelos bichos desde cedo.<br>&nbsp; - Resistente e dur\u00e1vel, garantindo horas de divers\u00e3o por muito tempo.<br>\n\t\t\t\t\t<\/p>\n\t\t\t\t\t<\/div>\n\t\t\t\t<\/div>\n\t\t<div class=\"elementor-element elementor-element-de697af e-flex e-con-boxed e-con e-parent\" data-id=\"de697af\" data-element_type=\"container\" data-e-type=\"container\">\n\t\t\t\t\t<div class=\"e-con-inner\">\n\t\t\t\t\t\t\t\n\t\t\t<img class=\"e-image-base e-ad5141d-8c510fa\" \n\t\t\t\t\tdata-interaction-id=\"ad5141d\" \n\t\t \n\t\t \n\t\t\t\t\t\t\t\t\tid=\"169\"\n\t\t\t\t\t\t\t\t\t\t\t\tsrc=\"https:\/\/bicho.treslume.com\/bicho\/wp-content\/uploads\/2026\/05\/jogo-bicho-empilhar-animais.png\"\n\t\t\t\t\t\t\t\t\t\t\t\twidth=\"750\"\n\t\t\t\t\t\t\t\t\t\t\t\theight=\"450\"\n\t\t\t\t\t\t\t\t\t\t\t\tsrcset=\"https:\/\/bicho.treslume.com\/bicho\/wp-content\/uploads\/2026\/05\/jogo-bicho-empilhar-animais.png 750w, https:\/\/bicho.treslume.com\/bicho\/wp-content\/uploads\/2026\/05\/jogo-bicho-empilhar-animais-300x180.png 300w\"\n\t\t\t\t\t\t\t\t\t\t\t\talt=\"\"\n\t\t\t\t\t\t\/>\n\t\t\t\t\t\t<\/div>\n\t\t\t\t<\/div>\n\t\t<div class=\"elementor-element elementor-element-f12fb3e e-flex e-con-boxed e-con e-parent\" data-id=\"f12fb3e\" data-element_type=\"container\" data-e-type=\"container\">\n\t\t\t\t\t<div class=\"e-con-inner\">\n\t\t\t\t<div class=\"elementor-element elementor-element-b1c680a e-con e-atomic-element e-div-block-base\" data-id=\"b1c680a\" data-element_type=\"e-div-block\" data-e-type=\"e-div-block\" data-interaction-id=\"b1c680a\">\n\t\t\t\t<\/div>\n\t\t\t\t\t<\/div>\n\t\t\t\t<\/div>\n\t\t<div class=\"elementor-element elementor-element-4753c95 e-flex e-con-boxed e-con e-parent\" data-id=\"4753c95\" data-element_type=\"container\" data-e-type=\"container\">\n\t\t\t\t\t<div class=\"e-con-inner\">\n\t\t\t\t\t\t\t\t<p class=\"e-b486be6-70d22c0 e-paragraph-base\" data-interaction-id=\"b486be6\"  >\n\t\t\t\t\t\t\t\t----------------------------------------------------------------------------\n\t\t\t\t\t<\/p>\n\t\t\t\t\t<\/div>\n\t\t\t\t<\/div>\n\t\t<div class=\"elementor-element elementor-element-d85496b e-flex e-con-boxed e-con e-parent\" data-id=\"d85496b\" data-element_type=\"container\" data-e-type=\"container\">\n\t\t\t\t\t<div class=\"e-con-inner\">\n\t\t\t\t\t\t\t\t<p class=\"e-9222368-2c836ae e-paragraph-base\" data-interaction-id=\"9222368\"  >\n\t\t\t\t\t\t\t\t<br><strong id=\"e-moxexuqs-0sckily\">Sobre o Blog Treslume: Foco Exclusivo em Jogos Educativos de Animais<\/strong><br><br><strong id=\"e-moxexuqs-ayszasq\">Nosso blog \u00e9 dedicado em recomendar &nbsp;jogos dos bichos educativos e l\u00fadicos para crian\u00e7as, pais, educadores e fam\u00edlia.<\/strong><br><strong id=\"e-moxexuqs-acgh141\">Somos um portal informativo sobre brinquedos e atividades infantis que envolvem animais (bichos).<\/strong><br><strong id=\"e-moxexuqs-7q0em7v\">Incentivamos o desenvolvimento educativo, o pensamento criativo e a divers\u00e3o saud\u00e1vel para crian\u00e7as e toda a fam\u00edlia.<\/strong><br><strong id=\"e-moxexuqs-kfgssk2\">Todo o nosso conte\u00fado \u00e9 totalmente adequado e indicado para crian\u00e7as e o ambiente familiar.<\/strong>\n\t\t\t\t\t<\/p>\n\t\t\t\t\t<\/div>\n\t\t\t\t<\/div>\n\t\t<div class=\"elementor-element elementor-element-df0111f e-flex e-con-boxed e-con e-parent\" data-id=\"df0111f\" data-element_type=\"container\" data-e-type=\"container\">\n\t\t\t\t\t<div class=\"e-con-inner\">\n\t\t\t\t<div class=\"elementor-element elementor-element-944a015 e-con e-atomic-element e-div-block-base\" data-id=\"944a015\" data-element_type=\"e-div-block\" data-e-type=\"e-div-block\" data-interaction-id=\"944a015\">\n\t\t\t\t<\/div>\n\t\t\t\t\t<\/div>\n\t\t\t\t<\/div>\n\t\t<div class=\"elementor-element elementor-element-94b6e2c e-flex e-con-boxed e-con e-parent\" data-id=\"94b6e2c\" data-element_type=\"container\" data-e-type=\"container\">\n\t\t\t\t\t<div class=\"e-con-inner\">\n\t\t\t\t\t\n<hr class=\"e-divider-base\" data-interaction-id=\"6037e02\"   \/>\n\t\t\t\t\t<\/div>\n\t\t\t\t<\/div>\n\t\t<div class=\"elementor-element elementor-element-1af7e18 e-flex e-con-boxed e-con e-parent\" data-id=\"1af7e18\" data-element_type=\"container\" data-e-type=\"container\">\n\t\t\t\t\t<div class=\"e-con-inner\">\n\t\t\t\t<div class=\"elementor-element elementor-element-05024e5 e-con e-atomic-element e-div-block-base\" data-id=\"05024e5\" data-element_type=\"e-div-block\" data-e-type=\"e-div-block\" data-interaction-id=\"05024e5\">\n\t\t\t\t<\/div>\n\t\t\t\t\t<\/div>\n\t\t\t\t<\/div>\n\t\t\t\t<\/div>\n\t\t","protected":false},"excerpt":{"rendered":"<p>Jogo dos Bichos Online &#8211; Informativo Treslume \u00e9 um blog de Jogos de bichos infantis com diversos animais para crian\u00e7as e fam\u00edlia! Descubra os melhores jogos com tem\u00e1tica de bichos, para todas as idades e estilos. Divers\u00e3o garantida para os amantes do mundo animal. Dedicado especialmente para o p\u00fablico infantil, recomendaremos jogos para as crian\u00e7as&hellip;&nbsp;<\/p>\n","protected":false},"author":1,"featured_media":0,"parent":0,"menu_order":0,"comment_status":"closed","ping_status":"closed","template":"","meta":{"neve_meta_sidebar":"","neve_meta_container":"","neve_meta_enable_content_width":"","neve_meta_content_width":0,"neve_meta_title_alignment":"","neve_meta_author_avatar":"","neve_post_elements_order":"","neve_meta_disable_header":"","neve_meta_disable_footer":"","neve_meta_disable_title":"","footnotes":""},"class_list":["post-33","page","type-page","status-publish","hentry"],"_links":{"self":[{"href":"https:\/\/bicho.treslume.com\/bicho\/wp-json\/wp\/v2\/pages\/33","targetHints":{"allow":["GET"]}}],"collection":[{"href":"https:\/\/bicho.treslume.com\/bicho\/wp-json\/wp\/v2\/pages"}],"about":[{"href":"https:\/\/bicho.treslume.com\/bicho\/wp-json\/wp\/v2\/types\/page"}],"author":[{"embeddable":true,"href":"https:\/\/bicho.treslume.com\/bicho\/wp-json\/wp\/v2\/users\/1"}],"replies":[{"embeddable":true,"href":"https:\/\/bicho.treslume.com\/bicho\/wp-json\/wp\/v2\/comments?post=33"}],"version-history":[{"count":113,"href":"https:\/\/bicho.treslume.com\/bicho\/wp-json\/wp\/v2\/pages\/33\/revisions"}],"predecessor-version":[{"id":202,"href":"https:\/\/bicho.treslume.com\/bicho\/wp-json\/wp\/v2\/pages\/33\/revisions\/202"}],"wp:attachment":[{"href":"https:\/\/bicho.treslume.com\/bicho\/wp-json\/wp\/v2\/media?parent=33"}],"curies":[{"name":"wp","href":"https:\/\/api.w.org\/{rel}","templated":true}]}}